{"id":3,"date":"2023-07-20T00:45:43","date_gmt":"2023-07-20T00:45:43","guid":{"rendered":"https:\/\/marvirjim.com\/?page_id=3"},"modified":"2025-05-30T20:15:43","modified_gmt":"2025-05-30T20:15:43","slug":"privacy-policy","status":"publish","type":"page","link":"https:\/\/marvirjim.com\/index.php\/privacy-policy\/","title":{"rendered":"Pol\u00edtica de Privacidad"},"content":{"rendered":"\n<p>Empresa Certificada en ISO 9001:2015 | ISO 14001:2015 | ISO 45001:2018<\/p>\n\n\n\n<p>\u201cComercializaci\u00f3n de equipos de medici\u00f3n, control y automatizaci\u00f3n tales como: Elementos de control, Presi\u00f3n, temperatura, Registros, Sistemas de Control y Accesorios industriales, aunado a la gesti\u00f3n de proyectos de Construcci\u00f3n en las Industrias del sector Qu\u00edmico y Energ\u00e9tico.\u201dEn cumplimiento con lo establecido en la Ley Federal de Protecci\u00f3n de Datos Personales en Posesi\u00f3n de los Particulares y su respectivo Reglamento, MARVIRJIM (INSTRUMENTACI\u00d3N Y CONTROL MARVIRJIM S.A. DE C.V.), con domicilio en C. 16 de Septiembre 5, Santiaguito, 54900 Tultitl\u00e1n de Mariano Escobedo, M\u00e9x., pone a su disposici\u00f3n el siguiente aviso de privacidad (www.marvirjim.com), en el tratamiento de los datos personales de las personas f\u00edsicas, que MARVIRJIM obtienen con motivo de la distribuci\u00f3n de instrumentaci\u00f3n industrial. La Empresa tratar\u00e1 su informaci\u00f3n y datos personales como confidenciales y mantendr\u00e1 medidas preventivas dirigidas a protegerla contra p\u00e9rdida, mal uso, acceso no autorizado, alteraci\u00f3n o destrucci\u00f3n, no la divulgar\u00e1 para otro prop\u00f3sito que no sea el establecido en el presente.<\/p>\n\n\n\n<p><\/p>\n","protected":false},"excerpt":{"rendered":"<p>Empresa Certificada en ISO 9001:2015 | ISO 14001:2015 | ISO 45001:2018 \u201cComercializaci\u00f3n de equipos de medici\u00f3n, control y automatizaci\u00f3n tales como: Elementos de control, Presi\u00f3n, temperatura, Registros, Sistemas de Control y Accesorios industriales, aunado a la gesti\u00f3n de proyectos de Construcci\u00f3n en las Industrias del sector Qu\u00edmico y Energ\u00e9tico.\u201dEn cumplimiento con lo establecido en la [&hellip;]<\/p>\n","protected":false},"author":1,"featured_media":0,"parent":0,"menu_order":0,"comment_status":"closed","ping_status":"closed","template":"","meta":{"footnotes":""},"class_list":["post-3","page","type-page","status-publish","hentry"],"_links":{"self":[{"href":"https:\/\/marvirjim.com\/index.php\/wp-json\/wp\/v2\/pages\/3","targetHints":{"allow":["GET"]}}],"collection":[{"href":"https:\/\/marvirjim.com\/index.php\/wp-json\/wp\/v2\/pages"}],"about":[{"href":"https:\/\/marvirjim.com\/index.php\/wp-json\/wp\/v2\/types\/page"}],"author":[{"embeddable":true,"href":"https:\/\/marvirjim.com\/index.php\/wp-json\/wp\/v2\/users\/1"}],"replies":[{"embeddable":true,"href":"https:\/\/marvirjim.com\/index.php\/wp-json\/wp\/v2\/comments?post=3"}],"version-history":[{"count":1,"href":"https:\/\/marvirjim.com\/index.php\/wp-json\/wp\/v2\/pages\/3\/revisions"}],"predecessor-version":[{"id":1732,"href":"https:\/\/marvirjim.com\/index.php\/wp-json\/wp\/v2\/pages\/3\/revisions\/1732"}],"wp:attachment":[{"href":"https:\/\/marvirjim.com\/index.php\/wp-json\/wp\/v2\/media?parent=3"}],"curies":[{"name":"wp","href":"https:\/\/api.w.org\/{rel}","templated":true}]}}